{"id":5819,"date":"2024-02-25T22:28:14","date_gmt":"2024-02-25T22:28:14","guid":{"rendered":"https:\/\/cagliari.globalcruiseports.com\/about\/career\/"},"modified":"2026-02-25T12:36:36","modified_gmt":"2026-02-25T12:36:36","slug":"carriere","status":"publish","type":"page","link":"https:\/\/cagliaricruiseport.com\/it\/chi-siamo\/carriere\/","title":{"rendered":"Carriere"},"content":{"rendered":"\r\n\r\n\r\n<section class=\"section page page-bg-light  \">\r\n\t<style>\r\n                .page-header-bg {\r\n                    background-image: url(https:\/\/cagliaricruiseport.com\/wp-content\/uploads\/sites\/52\/2025\/04\/Group-165031.png);\r\n                    background-size: cover;\r\n                    background-position: center;\r\n                }\r\n\t\t\t\t.hero-content{\r\n\t\t\t\t    top: 50%;\r\n    \t\t\t\tposition: absolute;\r\n    \t\t\t\ttransform: translateY(-50%);\r\n\t\t\t\t}\r\n              <\/style><div class=\"page-header-bg pr\">\t<div class=\"container w100\">\r\n\t\t<div class=\"row flex hero-content\">\r\n\t\t\t<div class=\"cl-12 page-header\">\r\n\t\t\t\t\t\t\t\t<h5><a href=\"https:\/\/cagliaricruiseport.com\/it\/\/about\/\" class=\"color-white\">CHI SIAMO<\/a> > Carriere<\/h5>\r\n\t\t\t\t<h1>Carriere<\/h1>\r\n\t\t\t<\/div>\r\n\t\t<\/div>\r\n\t<\/div>\r\n\t<\/div>\r\n<\/section>\n\n<section class=\"section section-content-title page-bg-light\" id=\"page-bg-light\">\r\n\t<div class=\"container\">\r\n\t\t<div class=\"row flex align-i-center\">\r\n\t\t\t<div class=\"cl-5\">\r\n\t\t\t\t\t\t\t\t<h2>\r\n\t\t\t\t\tPronto per \t\t\t\t\t<br>\r\n\t\t\t\t\t<span class=\"primary-color\">il futuro<\/span>\r\n\t\t\t\t<\/h2>\r\n\t\t\t<\/div>\r\n\t\t\t<div class=\"cl-7\">\r\n\t\t\t\t<p class=\"grey-color\"><p class=\"p1\"><b> <\/b>Vuoi fare la differenza nel settore crocieristico? Scopri percorsi di carriera gratificanti con noi e diventa parte del nostro team dinamico e in crescita al Cagliari Cruise Port.<\/p>\r\n\r\n<div id=\"gtx-trans\" style=\"position: absolute; left: 126px; top: -10px;\">\r\n<div class=\"gtx-trans-icon\"><\/div>\r\n<\/div><\/p>\r\n\t\t\t<\/div>\r\n\t\t<\/div>\r\n\t<\/div>\r\n<\/section>\r\n\n\n<section class=\"section section-content-image page-bg-light\" id=\"page-bg-light\">\r\n\t<div class=\"container\">\r\n\t\t<div class=\"row flex align-i-center  flex-row-reverse \">\r\n\t\t\t<div class=\"cl-6\">\r\n\t\t\t\t<img decoding=\"async\" src=\"https:\/\/cagliaricruiseport.com\/wp-content\/uploads\/sites\/52\/2024\/02\/career-content-1.jpg\" class=\"w100\" alt=\"\" \/>\r\n\t\t\t<\/div>\r\n\t\t\t<div class=\"cl-1\">\r\n\t\t\t\t\r\n\t\t\t<\/div>\r\n\t\t\t<div class=\"cl-5\">\r\n\t\t\t\t<h3>Un mare di opportunit\u00e0<\/h3>\r\n\t\t\t\t<p class=\"p1\">Cerchi una carriera diversa? Unisciti al nostro team!<\/p>\n<p class=\"p1\">Dalle posizioni a contatto con il cliente ai ruoli amministrativi, ogni membro del team ha un ruolo importante nel successo della nostra attivit\u00e0.<\/p>\n<p>&nbsp;<\/p>\n<p>Se desideri saperne di pi\u00f9 sulle opportunit\u00e0 disponibili al Cagliari Cruise Port e nel settore della gestione dei porti crocieristici, consulta le posizioni aperte e invia il tuo CV a<strong><a class=\"primary-color\" href=\"mailto:info@cagliaricruiseport.it\" target=\"_blank\" rel=\"noopener\"> info@cagliaricruiseport.it<\/a><\/strong><\/p>\n\t\t\t\t\t\t\t<\/div>\r\n\t\t<\/div>\r\n\t<\/div>\r\n<\/section>\r\n\n\n<section class=\"section section-content-image page-bg-light\" id=\"page-bg-light\">\r\n\t<div class=\"container\">\r\n\t\t<div class=\"row flex align-i-center \">\r\n\t\t\t<div class=\"cl-6\">\r\n\t\t\t\t<img decoding=\"async\" src=\"https:\/\/cagliaricruiseport.com\/wp-content\/uploads\/sites\/52\/2025\/05\/kariyer.jpg\" class=\"w100\" alt=\"\" \/>\r\n\t\t\t<\/div>\r\n\t\t\t<div class=\"cl-1\">\r\n\t\t\t\t\r\n\t\t\t<\/div>\r\n\t\t\t<div class=\"cl-5\">\r\n\t\t\t\t<h3>La nostra cultura<\/h3>\r\n\t\t\t\t<p class=\"p1\">Entrare a far parte del team di Cagliari Cruise Port significa unirsi a una comunit\u00e0 di persone appassionate, orgogliose di offrire un servizio eccellente e di creare esperienze memorabili per i nostri ospiti.<\/p>\n<p>&nbsp;<\/p>\n<p class=\"p1\">Crediamo nel rispetto reciproco, nella collaborazione costante e nella celebrazione dei successi collettivi. La vittoria di una parte del team \u00e8 una vittoria per l&#8217;intero team! Siamo orientati ai risultati, impegnandoci ogni giorno per avere successo a beneficio dei nostri ospiti, colleghi, partner, investitori e altri stakeholder, perseguendo i nostri obiettivi comuni.<\/p>\n\t\t\t\t\t\t\t<\/div>\r\n\t\t<\/div>\r\n\t<\/div>\r\n<\/section>\r\n\n\n<section class=\"section section-content-image page-bg-light last\" id=\"page-bg-light last\">\r\n\t<div class=\"container\">\r\n\t\t<div class=\"row flex align-i-center  flex-row-reverse \">\r\n\t\t\t<div class=\"cl-6\">\r\n\t\t\t\t<img decoding=\"async\" src=\"https:\/\/cagliaricruiseport.com\/wp-content\/uploads\/sites\/52\/2025\/04\/kariyer-3.png\" class=\"w100\" alt=\"\" \/>\r\n\t\t\t<\/div>\r\n\t\t\t<div class=\"cl-1\">\r\n\t\t\t\t\r\n\t\t\t<\/div>\r\n\t\t\t<div class=\"cl-5\">\r\n\t\t\t\t<h3>Competenza globale, impatto locale<\/h3>\r\n\t\t\t\t<p class=\"p1\">Come parte della famiglia Global Ports Holding, Cagliari Cruise Port adotta un approccio glocal.<\/p>\n<p>&nbsp;<\/p>\n<p>Con oltre 900 dipendenti provenienti da pi\u00f9 di 20 paesi nel team GPH, uniamo la portata globale all&#8217;esperienza locale per offrire servizi eccezionali e connessioni significative. Unisciti a noi in un ambiente dinamico, dove il tuo contributo fa la differenza sia a livello globale sia locale.<\/p>\n\t\t\t\t\t\t\t<\/div>\r\n\t\t<\/div>\r\n\t<\/div>\r\n<\/section>\r\n\n\n\r\n<style>\r\n\t.section-career .page-header-bg {\r\n\t\tbackground-image: url(https:\/\/cagliaricruiseport.com\/wp-content\/uploads\/sites\/52\/2025\/05\/Group-216952.png);\r\n\t}\r\n<\/style>\r\n\r\n\t<section class=\"section section-career page page-bg-light mb-4\">\r\n\t<div class=\"page-header-bg flex align-i-center justify-c-start\">\r\n\t\t<div class=\"container w100\">\r\n\t\t\t<div class=\"row flex\">\r\n\t\t\t\t<div class=\"cl-12 page-header\">\r\n\t\t\t\t\t<h1>Opportunit\u00e0 di carriera<\/h1>\r\n\t\t\t\t\t<p>Lavora con noi! Scopri le nostre posizioni aperte e candidati adesso.<\/p>\r\n\t\t\t\t\t\t\t\t\t\t\t<a href=\"https:\/\/www.linkedin.com\/company\/cagliaricruiseport\" class=\"career-cta\" target=\"_blank\">\r\n\t\t\t\t\t\t\tVisita la nostra pagina\t\t\t\t\t\t\t<img decoding=\"async\" src=\"https:\/\/cagliaricruiseport.com\/wp-content\/uploads\/sites\/52\/2024\/02\/icon-career-linkedin.svg\" alt=\"\" \/>\r\n\t\t\t\t\t\t<\/a>\r\n\t\t\t\t\t\t\t\t\t<\/div>\r\n\t\t\t<\/div>\r\n\t\t<\/div>\r\n\t<\/div>\r\n\t<div class=\"page-content-wrapper\">\r\n\t\t<div class=\"container\">\r\n\t\t\t<div class=\"row flex align-i-center justify-c-center\">\r\n\t\t\t\t<div class=\"cl-10\">\r\n\t\t\t\t\t<div class=\"page-bg-white\">\r\n\t\t\t\t\t\t<div class=\"\">\r\n\t\t\t\t\t\t\t<div class=\"row flex\">\r\n\t\t\t\t\t\t\t\t<div class=\"cl-12 section-career-jobs-title\">\r\n\t\t\t\t\t\t\t\t\tPosizioni aperte\t\t\t\t\t\t\t\t<\/div>\r\n\t\t\t\t\t\t\t<\/div>\r\n\t\t\t\t\t\t<\/div>\r\n\t\t\t\t\t\t<div class=\"section-career-jobs-sub-titles accordion-legend\">\r\n\t\t\t\t\t\t\t<div class=\"row flex\">\r\n\t\t\t\t\t\t\t\t<div class=\"cl-4\">\r\n\t\t\t\t\t\t\t\t\tTitolo\t\t\t\t\t\t\t\t<\/div>\r\n\t\t\t\t\t\t\t\t<div class=\"cl-3\">\r\n\t\t\t\t\t\t\t\t\tPosizione\t\t\t\t\t\t\t\t<\/div>\r\n\t\t\t\t\t\t\t\t<div class=\"cl-5\">\r\n\t\t\t\t\t\t\t\t\tDipartimento\t\t\t\t\t\t\t\t<\/div>\r\n\t\t\t\t\t\t\t<\/div>\r\n\t\t\t\t\t\t<\/div>\r\n\t\t\t\t\t\t<div class=\"section-career-jobs-item accordion accordion-ii\">\r\n\t\t\t\t\t\t\t\t\t\t\t\t\t\t\t<div class=\"accordion-header accordion-header-sm black-arrow active first-item\">\r\n\t\t\t\t\t\t\t\t\t<div class=\"row flex\">\r\n\t\t\t\t\t\t\t\t\t\t<div class=\"cl-4 jobs-title\">\r\n\t\t\t\t\t\t\t\t\t\t\t<span class=\"hide-mobile\">Titolo:<\/span>\r\n\t\t\t\t\t\t\t\t\t\t\t<p>Junior Financial Controller<\/p>\r\n\t\t\t\t\t\t\t\t\t\t<\/div>\r\n\t\t\t\t\t\t\t\t\t\t<div class=\"cl-3 jobs-location\">\r\n\t\t\t\t\t\t\t\t\t\t\tCagliari\t\t\t\t\t\t\t\t\t\t<\/div>\r\n\t\t\t\t\t\t\t\t\t\t<div class=\"cl-5 jobs-department\">\r\n\t\t\t\t\t\t\t\t\t\t\tFinanza\t\t\t\t\t\t\t\t\t\t<\/div>\r\n\t\t\t\t\t\t\t\t\t<\/div>\r\n\t\t\t\t\t\t\t\t<\/div>\r\n\t\t\t\t\t\t\t\t<div class=\"desktop-accordion-content mobile-accordion-content accordion-content active\">\r\n\t\t\t\t\t\t\t\t\t<div class=\"row flex\">\r\n\t\t\t\t\t\t\t\t\t\t<div class=\"cl-12 accordion-content-light\">\r\n\t\t\t\t\t\t\t\t\t\t\t<div class=\"hide-mobile mobile-jobs-info\">\r\n\t\t\t\t\t\t\t\t\t\t\t\t<p><span>Posizione<\/span> Cagliari<\/p>\r\n\t\t\t\t\t\t\t\t\t\t\t\t<p><span>Dipartimento<\/span> Finanza<\/p>\r\n\t\t\t\t\t\t\t\t\t\t\t<\/div>\r\n\t\t\t\t\t\t\t\t\t\t\t<p><em><span style=\"font-family: 'Aptos',sans-serif\">La figura ricercata sar\u00e0 coinvolta in tutte le attivit\u00e0 quotidiane del reparto, tra le quali:<\/span><\/em><\/p>\n<p><em><span style=\"font-family: 'Aptos',sans-serif\">&#8211; Predisposizione reportistica per l&#8217;HQ<\/span><\/em><\/p>\n<p>&#8211; <em><span style=\"font-family: 'Aptos',sans-serif\">Analisi delle performance e scostamenti dal budget<\/span><\/em><\/p>\n<p>&#8211; <em><span style=\"font-family: 'Aptos',sans-serif\">Analisi di documenti e relazioni per il controllo dell&#8217;andamento finanziario<\/span><\/em><\/p>\n<p>&#8211; <em><span style=\"font-family: 'Aptos',sans-serif\">Supporto alla gestione del processo amministrativo e finanziario<\/span><\/em><\/p>\n<p><span style=\"font-family: 'Times New Roman',serif\">\u00a0<\/span><\/p>\n<p><em><span style=\"font-family: 'Aptos',sans-serif\">Requisiti richiesti:<\/span><\/em><\/p>\n<p><em><span style=\"font-family: 'Aptos',sans-serif\">&#8211; Laurea in economia<\/span><\/em><\/p>\n<p><em><span style=\"font-family: 'Aptos',sans-serif\">&#8211; Conoscenza avanzata dell&#8217;applicativo Excel<\/span><\/em><\/p>\n<p><em><span style=\"font-family: 'Aptos',sans-serif\">&#8211; Ottima conoscenza della lingua inglese<\/span><\/em><\/p>\n<p><em><span style=\"font-family: 'Aptos',sans-serif\">&#8211; Forte dimestichezza con i numeri e le analisi<\/span><\/em><\/p>\n<p><span style=\"font-family: 'Times New Roman',serif\">\u00a0<\/span><\/p>\n<p><em><span style=\"font-family: 'Aptos',sans-serif\">Si offre:<\/span><\/em><\/p>\n<p><em><span style=\"font-family: 'Aptos',sans-serif\">&#8211; Contratto CCNL Porti<\/span><\/em><\/p>\n<p>&nbsp;<\/p>\n<p><em>Verranno prese in considerazione anche le candidature di <strong>brillanti neolaureati in economia<\/strong> che vogliano entrare a far parte di una societ\u00e0 giovane e dinamica che opera in un contesto internazionale ai quali verr\u00e0 inizialmente offerto un percorso di Training on the job, della durata di 6 mesi retribuito, con possibilit\u00e0 di successiva assunzione.<\/em><\/p>\n<p><em>\u00c8 richiesta disponibilit\u00e0 immediata<\/em><\/p>\n<p><em>Invio candidature su: <strong><u>selezioniccp@gmail.com<\/u><\/strong><\/em><\/p>\n\t\t\t\t\t\t\t\t\t\t\t<div class=\"job-apply\">\r\n\t\t\t\t\t\t\t\t\t\t\t\t\t\t\t\t\t\t\t\t\t\t\t\t\t\t\t\t\t\t\t\t\t\t\t\t<span class=\"career-apply-form open-modal-7820\" data-position=\"Junior Financial Controller\">\r\n\t\t\t\t\t\t\t\t\t\t\t\t\tCANDIDATI ORA\t\t\t\t\t\t\t\t\t\t\t\t<\/span>\r\n\t\t\t\t\t\t\t\t\t\t\t\t\t\t\t\t\t\t\t\t\t\t\t<\/div>\r\n\t\t\t\t\t\t\t\t\t\t<\/div>\r\n\t\t\t\t\t\t\t\t\t<\/div>\r\n\t\t\t\t\t\t\t\t<\/div>\r\n\t\t\t\t\t\t\t\t\r\n\t\t\t\t\t\t\t\t\r\n\t\t\t\t\t\t\t\t\t\t\t\t\t\t\t<div class=\"accordion-header accordion-header-sm black-arrow \">\r\n\t\t\t\t\t\t\t\t\t<div class=\"row flex\">\r\n\t\t\t\t\t\t\t\t\t\t<div class=\"cl-4 jobs-title\">\r\n\t\t\t\t\t\t\t\t\t\t\t<span class=\"hide-mobile\">Titolo:<\/span>\r\n\t\t\t\t\t\t\t\t\t\t\t<p>Amministrativa\/o Contabile<\/p>\r\n\t\t\t\t\t\t\t\t\t\t<\/div>\r\n\t\t\t\t\t\t\t\t\t\t<div class=\"cl-3 jobs-location\">\r\n\t\t\t\t\t\t\t\t\t\t\tCagliari\t\t\t\t\t\t\t\t\t\t<\/div>\r\n\t\t\t\t\t\t\t\t\t\t<div class=\"cl-5 jobs-department\">\r\n\t\t\t\t\t\t\t\t\t\t\tFinanza\t\t\t\t\t\t\t\t\t\t<\/div>\r\n\t\t\t\t\t\t\t\t\t<\/div>\r\n\t\t\t\t\t\t\t\t<\/div>\r\n\t\t\t\t\t\t\t\t<div class=\"desktop-accordion-content mobile-accordion-content accordion-content \">\r\n\t\t\t\t\t\t\t\t\t<div class=\"row flex\">\r\n\t\t\t\t\t\t\t\t\t\t<div class=\"cl-12 accordion-content-light\">\r\n\t\t\t\t\t\t\t\t\t\t\t<div class=\"hide-mobile mobile-jobs-info\">\r\n\t\t\t\t\t\t\t\t\t\t\t\t<p><span>Posizione<\/span> Cagliari<\/p>\r\n\t\t\t\t\t\t\t\t\t\t\t\t<p><span>Dipartimento<\/span> Finanza<\/p>\r\n\t\t\t\t\t\t\t\t\t\t\t<\/div>\r\n\t\t\t\t\t\t\t\t\t\t\t<p><em><span style=\"font-family: 'Aptos',sans-serif;\">La figura ricercata sar\u00e0 coinvolta in tutte le attivit\u00e0 quotidiane del reparto, tra le quali:<\/span><\/em><\/p>\n<p><em><span style=\"font-family: 'Aptos',sans-serif;\">&#8211; Contabilit\u00e0 ordinaria (ciclo attivo e passivo) sino alla predisposizione del bilancio finale d&#8217;esercizio<\/span><\/em><\/p>\n<p><em><span style=\"font-family: 'Aptos',sans-serif;\">&#8211; Adempimenti amministrativi vari (fatturazione clienti, pagamenti fornitori, ecc)<\/span><\/em><\/p>\n<p><em><span style=\"font-family: 'Aptos',sans-serif;\">&#8211; Predisposizione reportistica per HQ<\/span><\/em><\/p>\n<p><span style=\"font-family: 'Times New Roman',serif;\">\u00a0<\/span><\/p>\n<p><em><span style=\"font-family: 'Aptos',sans-serif;\">Requisiti richiesti:<\/span><\/em><\/p>\n<p><em><span style=\"font-family: 'Aptos',sans-serif;\">&#8211; Buona conoscenza dell&#8217;applicativo Excel<\/span><\/em><\/p>\n<p><em><span style=\"font-family: 'Aptos',sans-serif;\">&#8211; Esperienza pregressa nella mansione<\/span><\/em><\/p>\n<p><span style=\"font-family: 'Times New Roman',serif;\">\u00a0<\/span><\/p>\n<p><em><span style=\"font-family: 'Aptos',sans-serif;\">Requisiti preferenziali ma non indispensabili:<\/span><\/em><\/p>\n<p><em><span style=\"font-family: 'Aptos',sans-serif;\">&#8211; Conoscenza programma contabile Profis<\/span><\/em><\/p>\n\t\t\t\t\t\t\t\t\t\t\t<div class=\"job-apply\">\r\n\t\t\t\t\t\t\t\t\t\t\t\t\t\t\t\t\t\t\t\t\t\t\t\t\t\t\t\t\t\t\t\t\t\t\t\t<span class=\"career-apply-form open-modal-7749\" data-position=\"Amministrativa\/o Contabile\">\r\n\t\t\t\t\t\t\t\t\t\t\t\t\tCANDIDATI ORA\t\t\t\t\t\t\t\t\t\t\t\t<\/span>\r\n\t\t\t\t\t\t\t\t\t\t\t\t\t\t\t\t\t\t\t\t\t\t\t<\/div>\r\n\t\t\t\t\t\t\t\t\t\t<\/div>\r\n\t\t\t\t\t\t\t\t\t<\/div>\r\n\t\t\t\t\t\t\t\t<\/div>\r\n\t\t\t\t\t\t\t\t\r\n\t\t\t\t\t\t\t\t\r\n\t\t\t\t\t\t\t\t\t\t\t\t\t<\/div>\r\n\t\t\t\t\t<\/div>\r\n\t\t\t\t<\/div>\r\n\t\t\t<\/div>\r\n\t\t<\/div>\r\n\t<\/div>\r\n\t\r\n<\/section>\r\n\r\n<div class=\"modal-wrapper hide\">\r\n\t<div class=\"container\">\r\n\t\t<div class=\"row flex align-i-center justify-c-center\">\r\n\t\t\t<div class=\"cl-10\">\r\n\t\t\t\t<div class=\"dark-form-wrapper modal-form-wrapper\">\r\n\t\t\t\t\t<div class=\"modal-close\">\r\n\t\t\t\t\t\t<span><\/span>\r\n\t\t\t\t\t\t<span><\/span>\r\n\t\t\t\t\t<\/div>\r\n\t\t\t\t\t\n<div class=\"wpcf7 no-js\" id=\"wpcf7-f7756-o1\" lang=\"it-IT\" dir=\"ltr\" data-wpcf7-id=\"7756\">\n<div class=\"screen-reader-response\"><p role=\"status\" aria-live=\"polite\" aria-atomic=\"true\"><\/p> <ul><\/ul><\/div>\n<form action=\"\/it\/wp-json\/wp\/v2\/pages\/5819#wpcf7-f7756-o1\" method=\"post\" class=\"wpcf7-form init\" aria-label=\"Modulo di contatto\" enctype=\"multipart\/form-data\" novalidate=\"novalidate\" data-status=\"init\">\n<fieldset class=\"hidden-fields-container\"><input type=\"hidden\" name=\"_wpcf7\" value=\"7756\" \/><input type=\"hidden\" name=\"_wpcf7_version\" value=\"6.1.5\" \/><input type=\"hidden\" name=\"_wpcf7_locale\" value=\"it_IT\" \/><input type=\"hidden\" name=\"_wpcf7_unit_tag\" value=\"wpcf7-f7756-o1\" \/><input type=\"hidden\" name=\"_wpcf7_container_post\" value=\"0\" \/><input type=\"hidden\" name=\"_wpcf7_posted_data_hash\" value=\"\" \/><input type=\"hidden\" name=\"_wpcf7_recaptcha_response\" value=\"\" \/>\n<\/fieldset>\n<div class=\"title text-center\">\n\t<h2>Join Our Team\n\t<\/h2>\n<\/div>\n<div class=\"row flex form-group\">\n\t<div class=\"cl-6\">\n\t\t<p><label class=\"label-placeholder\"><span class=\"plc-label\">Nome*<\/span><span class=\"wpcf7-form-control-wrap\" data-name=\"form-name\"><input size=\"40\" maxlength=\"400\" class=\"wpcf7-form-control wpcf7-text wpcf7-validates-as-required\" aria-required=\"true\" aria-invalid=\"false\" value=\"\" type=\"text\" name=\"form-name\" \/><\/span><\/label>\n\t\t<\/p>\n\t<\/div>\n\t<div class=\"cl-6\">\n\t\t<p><label class=\"label-placeholder\"><span class=\"plc-label\">Cognome*<\/span><span class=\"wpcf7-form-control-wrap\" data-name=\"form-surname\"><input size=\"40\" maxlength=\"400\" class=\"wpcf7-form-control wpcf7-text wpcf7-validates-as-required\" aria-required=\"true\" aria-invalid=\"false\" value=\"\" type=\"text\" name=\"form-surname\" \/><\/span><\/label>\n\t\t<\/p>\n\t<\/div>\n<\/div>\n<div class=\"row flex form-group\">\n\t<div class=\"cl-6\">\n\t\t<p><label class=\"label-placeholder\"><span class=\"plc-label\">Indirizzo e-mail*<\/span><span class=\"wpcf7-form-control-wrap\" data-name=\"form-email\"><input size=\"40\" maxlength=\"400\" class=\"wpcf7-form-control wpcf7-email wpcf7-validates-as-required wpcf7-text wpcf7-validates-as-email\" aria-required=\"true\" aria-invalid=\"false\" value=\"\" type=\"email\" name=\"form-email\" \/><\/span><\/label>\n\t\t<\/p>\n\t<\/div>\n\t<div class=\"cl-6\">\n\t\t<p><label class=\"label-placeholder focused-fixed left-focused\"><span class=\"plc-label\">Numero di telefono*<\/span>[phonetext* phone-number numberonly]<\/label>\n\t\t<\/p>\n\t<\/div>\n<\/div>\n<div class=\"row flex form-group\">\n\t<div class=\"cl-12\">\n\t\t<p><label class=\"label-placeholder focused-fixed\"><span class=\"plc-label\">Posizione*<\/span><input id=\"form-position\" disabled \/><\/label>\n\t\t<\/p>\n\t<\/div>\n<\/div>\n<div class=\"row flex form-group form-file-group\">\n\t<div class=\"cl-12 z-index-2\">\n\t\t<p><label class=\"label-placeholder\"><span class=\"plc-label\">Carica curriculum*<\/span><span class=\"wpcf7-form-control-wrap\" data-name=\"file-resume\"><input size=\"40\" class=\"wpcf7-form-control wpcf7-file\" id=\"fileInput\" accept=\".pdf,.doc,.docx\" aria-invalid=\"false\" type=\"file\" name=\"file-resume\" \/><\/span><\/label>\n\t\t<\/p>\n\t<\/div>\n\t<p class=\"file-name\" id=\"fileName\">\n\t<\/p>\n<\/div>\n<div class=\"row flex form-group\">\n\t<div class=\"cl-7\">\n\t\t<p><span class=\"wpcf7-form-control-wrap\" data-name=\"form-acceptance\"><span class=\"wpcf7-form-control wpcf7-acceptance\"><span class=\"wpcf7-list-item\"><label><input type=\"checkbox\" name=\"form-acceptance\" value=\"1\" aria-invalid=\"false\" \/><span class=\"wpcf7-list-item-label\">Acconsento a ricevere newsletter, offerte promozionali e aggiornamenti dal Porto Crocieristico di Cagliari tramite e-mail. Sono consapevole che i miei dati personali saranno trattati in conformit\u00e0 con l&#8217;Informativa sulla privacy e che posso annullare l&#8217;iscrizione in qualsiasi momento contattando info@cagliaricruiseport.it.<\/span><\/label><\/span><\/span><\/span>\n\t\t<\/p>\n\t<\/div>\n\t<div class=\"cl-5\">\n\t\t<p><input class=\"wpcf7-form-control wpcf7-submit has-spinner primary-bg-color\" type=\"submit\" value=\"INVIO\" \/>\n\t\t<\/p>\n\t<\/div>\n<\/div><div class=\"wpcf7-response-output\" aria-hidden=\"true\"><\/div>\n<\/form>\n<\/div>\n\t\t\t\t<\/div>\r\n\t\t\t<\/div>\r\n\t\t<\/div>\r\n\t<\/div>\r\n<\/div>\r\n\r\n<script>\r\n\tdocument.addEventListener('DOMContentLoaded', function() {\r\n\t\tconst openModalSpans = document.querySelectorAll('.career-apply-form');\r\n\t\tconst ModalWrapper = document.querySelector('.modal-wrapper');\r\n\t\tconst formPositionInput = document.getElementById('form-position');\r\n\t\tconst modalCloseButton = document.querySelector('.modal-close');\r\n\r\n\t\t\/\/ Function to open the modal\r\n\t\tfunction openModal(positionValue) {\r\n\t\t\tformPositionInput.value = positionValue;\r\n\t\t\tModalWrapper.classList.remove('hide');\r\n\t\t}\r\n\r\n\t\t\/\/ Function to close the modal\r\n\t\tfunction closeModal() {\r\n\t\t\tModalWrapper.classList.add('hide');\r\n\t\t}\r\n\r\n\t\t\/\/ Event listeners for each career-apply-form span\r\n\t\topenModalSpans.forEach(function(span) {\r\n\t\t\tspan.addEventListener('click', function(event) {\r\n\t\t\t\tconst positionValue = span.getAttribute('data-position');\r\n\t\t\t\topenModal(positionValue);\r\n\t\t\t});\r\n\t\t});\r\n\r\n\t\t\/\/ Event listener for the modal close button\r\n\t\tif (modalCloseButton) {\r\n\t\t\tmodalCloseButton.addEventListener('click', function() {\r\n\t\t\t\tcloseModal(); \/\/ Close the modal when modal-close button is clicked\r\n\t\t\t});\r\n\t\t}\r\n\r\n\t\t\/\/ Event listener to close modal when clicking outside the modal\r\n\t\tdocument.addEventListener('click', function(event) {\r\n\t\t\tif (!ModalWrapper.contains(event.target) && event.target !== modalCloseButton && !isModalOpen()) {\r\n\t\t\t\tcloseModal(); \/\/ Close modal if click is outside the modal and not on modal-close button\r\n\t\t\t}\r\n\t\t});\r\n\r\n\t\t\/\/ Function to check if modal is currently open\r\n\t\tfunction isModalOpen() {\r\n\t\t\treturn !ModalWrapper.classList.contains('hide');\r\n\t\t}\r\n\t});\r\n<\/script>\n\n","protected":false},"excerpt":{"rendered":"","protected":false},"author":1,"featured_media":0,"parent":5753,"menu_order":7,"comment_status":"closed","ping_status":"closed","template":"","meta":{"_acf_changed":false,"footnotes":""},"class_list":["post-5819","page","type-page","status-publish","hentry"],"acf":[],"_links":{"self":[{"href":"https:\/\/cagliaricruiseport.com\/it\/wp-json\/wp\/v2\/pages\/5819","targetHints":{"allow":["GET"]}}],"collection":[{"href":"https:\/\/cagliaricruiseport.com\/it\/wp-json\/wp\/v2\/pages"}],"about":[{"href":"https:\/\/cagliaricruiseport.com\/it\/wp-json\/wp\/v2\/types\/page"}],"author":[{"embeddable":true,"href":"https:\/\/cagliaricruiseport.com\/it\/wp-json\/wp\/v2\/users\/1"}],"replies":[{"embeddable":true,"href":"https:\/\/cagliaricruiseport.com\/it\/wp-json\/wp\/v2\/comments?post=5819"}],"version-history":[{"count":28,"href":"https:\/\/cagliaricruiseport.com\/it\/wp-json\/wp\/v2\/pages\/5819\/revisions"}],"predecessor-version":[{"id":7952,"href":"https:\/\/cagliaricruiseport.com\/it\/wp-json\/wp\/v2\/pages\/5819\/revisions\/7952"}],"up":[{"embeddable":true,"href":"https:\/\/cagliaricruiseport.com\/it\/wp-json\/wp\/v2\/pages\/5753"}],"wp:attachment":[{"href":"https:\/\/cagliaricruiseport.com\/it\/wp-json\/wp\/v2\/media?parent=5819"}],"curies":[{"name":"wp","href":"https:\/\/api.w.org\/{rel}","templated":true}]}}