{"id":6174,"date":"2024-02-14T09:14:45","date_gmt":"2024-02-14T09:14:45","guid":{"rendered":"https:\/\/cagliari.globalcruiseports.com\/port\/hse\/"},"modified":"2026-02-25T12:23:56","modified_gmt":"2026-02-25T12:23:56","slug":"salute-sicurezza-ambiente","status":"publish","type":"page","link":"https:\/\/cagliaricruiseport.com\/it\/porto\/salute-sicurezza-ambiente\/","title":{"rendered":"Salute, sicurezza &#038; ambiente"},"content":{"rendered":"\r\n<style>\r\n.page-content-wrapper{\r\n\t\tz-index: 2;\t\r\n\t}\r\n<\/style>\r\n\r\n<section class=\"section page page-sustainability footer-space-pd page-bg-light  desktop-footer-space-pd hse-menu\">\r\n\t<style>\r\n                .page-header-bg {\r\n                    background-image: url(https:\/\/cagliaricruiseport.com\/wp-content\/uploads\/sites\/52\/2025\/04\/hse1.png);\r\n                    background-size: cover;\r\n                    background-position: center;\r\n                }\r\n\t\t\t\t.hero-content{\r\n\t\t\t\t    top: 50%;\r\n    \t\t\t\tposition: absolute;\r\n    \t\t\t\ttransform: translateY(-50%);\r\n\t\t\t\t}\r\n              <\/style><div class=\"page-header-bg pr\">\t<div class=\"container w100\">\r\n\t\t<div class=\"row flex hero-content\">\r\n\t\t\t<div class=\"cl-12 page-header\">\r\n\t\t\t\t<h5 style=\"text-transform:uppercase;\">Salute, sicurezza &#038; ambiente<\/h5>\r\n\t\t\t\t<h1>Salute, sicurezza &#038; ambiente<\/h1>\r\n\t\t\t<\/div>\r\n\t\t<\/div>\r\n\t<\/div>\r\n\t<\/div>\r\n\t<div class=\"page-content-wrapper pr\">\r\n\t\t<div class=\"container\">\r\n\t\t\t<div class=\"row flex align-i-center justify-c-center\">\r\n\t\t\t\t<div class=\"cl-10\">\r\n\t\t\t\t\t<div class=\"page-bg-white\">\r\n\t\t\t\t\t\t<div class=\"row flex page-sub-menu\">\r\n\t\t\t\t\t\t\t<div class=\"cl-12\">\r\n\t\t\t\t\t\t\t\t<ul class=\"flex align-i-center justify-c-center\">\r\n\t\t\t\t\t\t\t\t\t\t\t\t\t\t\t\t\t\t\t<li id=\"tabButton1\"\r\n\t\t\t\t\t\t\t\t\t\t\tclass=\"tab-button current-menu-item\">\r\n\t\t\t\t\t\t\t\t\t\t\t<span\r\n\t\t\t\t\t\t\t\t\t\t\t\tonclick=\"showTab('tab1', 'tabButton1')\">Salute, sicurezza <\/span>\r\n\t\t\t\t\t\t\t\t\t\t<\/li>\r\n\t\t\t\t\t\t\t\t\t\t\t\t\t\t\t\t\t<\/ul>\r\n\t\t\t\t\t\t\t<\/div>\r\n\t\t\t\t\t\t<\/div>\r\n\t\t\t\t\t\t<div class=\"row flex\">\r\n\t\t\t\t\t\t\t<div class=\"cl-12\">\r\n\t\t\t\t\t\t\t\t\t\t\t\t\t\t\t\t\t<div id=\"tab1\"\r\n\t\t\t\t\t\t\t\t\t\tclass=\"tab-2-content active-tab\">\r\n\t\t\t\t\t\t\t\t\t\t<p>Nel dare compimento alla sua missione di promuovere Cagliari e il sud Sardegna come destinazione crocieristica e di qualificare il porto come green port, Cagliari Cruise Port si impegna:<\/p>\n<p>nei confronti dei suoi clienti, intesi come Cruise Lines e crocieristi<\/p>\n<p>a offrire servizi di alta qualit\u00e0, in linea con tutte le normative vigenti e nel rispetto dell&#8217;ambiente;<\/p>\n<p>a monitorare e migliorare nel tempo le proprie prestazioni in termini di qualit\u00e0 dei servizi, flessibilit\u00e0, capacit\u00e0 di adattamento, soddisfazione dei clienti;<\/p>\n<p>a monitorare e a ridurre gli impatti ambientali delle proprie attivit\u00e0 e di quelle dei propri fornitori per tutti gli aspetti individuati come rilevanti.<\/p>\n<p><strong>Nei confronti del personale<\/strong><\/p>\n<p>a una costante attenzione e analisi dei bisogni dei dipendenti, nonch\u00e9 allo sviluppo delle necessarie competenze, ottenuto attraverso un&#8217;attenta pianificazione della formazione. Inoltre, la Direzione si prefigge di verificare che lo staff sia sempre consapevole del proprio operato e dei relativi effetti in positivo e negativo sui processi aziendali.<\/p>\n<p><strong>Nei confronti del territorio<\/strong><\/p>\n<p>a promuoverlo, diffondendo la conoscenza delle bellezze storico-artistico-culturali e paesaggistiche e favorendo il lavoro delle aziende locali, ponendo la massima attenzione affinch\u00e9 tutte le attivit\u00e0 siano svolte con il minimo impatto ambientale.<\/p>\n<p>La Direzione ha stanziato i fondi e ha messo a disposizione personale e strumenti necessari per la realizzazione del Sistema di Gestione Integrato per la Qualit\u00e0 e l&#8217;Ambiente, che sar\u00e0 costantemente monitorato e periodicamente valutato attraverso gli indicatori chiave di performance che l&#8217;azienda si \u00e8 data per il raggiungimento degli obiettivi fissati per ciascun processo, considerate le aspettative delle parti interessate.<\/p>\n<p><strong>COVID-19<\/strong><\/p>\n<p>Cagliari Cruise Port ha ottenuto il &#8220;Safe Travels Stamp&#8221;, riconoscimento concesso dal World Travel &amp; Tourism Council, associazione leader mondiale nel settore del turismo, che attesta l&#8217;impegno della societ\u00e0 nella prevenzione dei contagi da Covid-19.<\/p>\n<p>Il personale di Cagliari Cruise Port e tutte le societ\u00e0 coinvolte nelle operazioni sono stati formati e sono pronti per ricominciare l&#8217;attivit\u00e0.<\/p>\n<p>Il nostro terminal \u00e8 stato attrezzato e tutte le misure necessarie sono state implementate per garantire la sicurezza delle operazioni in porto.<\/p>\n<p>I protocolli vigenti, che seguono scrupolosamente le regole impartite dai principali enti regionali, nazionali e internazionali, danno luogo a procedure rigorosamente applicate durante tutte le operazioni nelle aree in concessione, in modo da prevenire possibili infezioni da Covid-19 fra le parti coinvolte (operatori, equipaggi, passeggeri e abitanti locali).<\/p>\n<h3><\/h3>\n\t\t\t\t\t\t\t\t\t\t\r\n\t\t\t\t\t\t\t\t\t<\/div>\r\n\t\t\t\t\t\t\t\t\t\t\t\t\t\t\t<\/div>\r\n\t\t\t\t\t\t<\/div>\r\n\t\t\t\t\t<\/div>\r\n\t\t\t\t<\/div>\r\n\t\t\t<\/div>\r\n\t\t<\/div>\r\n\t<\/div>\r\n<\/section>\n\n\r\n<section class=\"section-go-back hide-mobile footer-space-pd\">\r\n\t<div class=\"container\">\r\n\t\t<div class=\"row flex align-i-end justify-c-center\">\r\n\t\t\t<div class=\"cl-12\">\r\n\t\t\t\t<a href=\"https:\/\/cagliaricruiseport.com\/it\/porto\/\">\r\n\t\t\t\t\t<svg xmlns=\"http:\/\/www.w3.org\/2000\/svg\" width=\"18.142\" height=\"18.142\" viewBox=\"0 0 18.142 18.142\"><g id=\"Icon_Go-Back-arrow-up-right\" data-name=\"Icon feather-arrow-up-right\" transform=\"translate(9.071 30.991) rotate(-135)\"><path id=\"Path_3\" data-name=\"Path 3\" d=\"M10.5,20.5l10-10\" fill=\"none\" stroke=\"#000\" stroke-linecap=\"round\" stroke-linejoin=\"round\" stroke-width=\"2\"\/><path id=\"Path_4\" data-name=\"Path 4\" d=\"M10.5,10.5h10v10\" fill=\"none\" stroke=\"#000\" stroke-linecap=\"round\" stroke-linejoin=\"round\" stroke-width=\"2\"\/><\/g><\/svg>\r\n\t\t\t\t\tGO BACK\t\t\t\t<\/a>\r\n\t\t\t<\/div>\r\n\t\t<\/div>\r\n\t<\/div>\r\n<\/section>","protected":false},"excerpt":{"rendered":"","protected":false},"author":1,"featured_media":0,"parent":5673,"menu_order":25,"comment_status":"closed","ping_status":"closed","template":"","meta":{"_acf_changed":false,"footnotes":""},"class_list":["post-6174","page","type-page","status-publish","hentry"],"acf":[],"_links":{"self":[{"href":"https:\/\/cagliaricruiseport.com\/it\/wp-json\/wp\/v2\/pages\/6174","targetHints":{"allow":["GET"]}}],"collection":[{"href":"https:\/\/cagliaricruiseport.com\/it\/wp-json\/wp\/v2\/pages"}],"about":[{"href":"https:\/\/cagliaricruiseport.com\/it\/wp-json\/wp\/v2\/types\/page"}],"author":[{"embeddable":true,"href":"https:\/\/cagliaricruiseport.com\/it\/wp-json\/wp\/v2\/users\/1"}],"replies":[{"embeddable":true,"href":"https:\/\/cagliaricruiseport.com\/it\/wp-json\/wp\/v2\/comments?post=6174"}],"version-history":[{"count":3,"href":"https:\/\/cagliaricruiseport.com\/it\/wp-json\/wp\/v2\/pages\/6174\/revisions"}],"predecessor-version":[{"id":7935,"href":"https:\/\/cagliaricruiseport.com\/it\/wp-json\/wp\/v2\/pages\/6174\/revisions\/7935"}],"up":[{"embeddable":true,"href":"https:\/\/cagliaricruiseport.com\/it\/wp-json\/wp\/v2\/pages\/5673"}],"wp:attachment":[{"href":"https:\/\/cagliaricruiseport.com\/it\/wp-json\/wp\/v2\/media?parent=6174"}],"curies":[{"name":"wp","href":"https:\/\/api.w.org\/{rel}","templated":true}]}}